{"id":8,"date":"2024-06-13T14:34:58","date_gmt":"2024-06-13T12:34:58","guid":{"rendered":"https:\/\/editionsdidane.com\/?page_id=8"},"modified":"2025-10-28T17:36:18","modified_gmt":"2025-10-28T16:36:18","slug":"editions-didane-accueil","status":"publish","type":"page","link":"https:\/\/editionsdidane.com\/index.php\/editions-didane-accueil\/","title":{"rendered":"Acceuil"},"content":{"rendered":"\t\t<div data-elementor-type=\"wp-page\" data-elementor-id=\"8\" class=\"elementor elementor-8\">\n\t\t\t\t<div class=\"elementor-element elementor-element-22e1cea e-con-full e-flex e-con e-parent\" data-id=\"22e1cea\" data-element_type=\"container\">\n\t\t<div class=\"elementor-element elementor-element-89ab846 e-con-full e-flex e-con e-child\" data-id=\"89ab846\" data-element_type=\"container\">\n\t\t\t\t<div class=\"elementor-element elementor-element-acb0f17 elementor-widget elementor-widget-image\" data-id=\"acb0f17\" data-element_type=\"widget\" data-widget_type=\"image.default\">\n\t\t\t\t<div class=\"elementor-widget-container\">\n\t\t\t<style>\/*! elementor - v3.21.0 - 26-05-2024 *\/\n.elementor-widget-image{text-align:center}.elementor-widget-image a{display:inline-block}.elementor-widget-image a img[src$=\".svg\"]{width:48px}.elementor-widget-image img{vertical-align:middle;display:inline-block}<\/style>\t\t\t\t\t\t\t\t\t\t<img fetchpriority=\"high\" decoding=\"async\" width=\"1872\" height=\"1006\" src=\"https:\/\/editionsdidane.com\/wp-content\/uploads\/2025\/10\/Capture-decran-2025-10-10-a-17.37.32.png\" class=\"attachment-2048x2048 size-2048x2048 wp-image-241\" alt=\"\" srcset=\"https:\/\/editionsdidane.com\/wp-content\/uploads\/2025\/10\/Capture-decran-2025-10-10-a-17.37.32.png 1872w, https:\/\/editionsdidane.com\/wp-content\/uploads\/2025\/10\/Capture-decran-2025-10-10-a-17.37.32-300x161.png 300w, https:\/\/editionsdidane.com\/wp-content\/uploads\/2025\/10\/Capture-decran-2025-10-10-a-17.37.32-1024x550.png 1024w, https:\/\/editionsdidane.com\/wp-content\/uploads\/2025\/10\/Capture-decran-2025-10-10-a-17.37.32-768x413.png 768w, https:\/\/editionsdidane.com\/wp-content\/uploads\/2025\/10\/Capture-decran-2025-10-10-a-17.37.32-1536x825.png 1536w\" sizes=\"(max-width: 1872px) 100vw, 1872px\" \/>\t\t\t\t\t\t\t\t\t\t\t\t\t<\/div>\n\t\t\t\t<\/div>\n\t\t\t\t<div class=\"elementor-element elementor-element-91757d6 elementor-align-center elementor-widget elementor-widget-button\" data-id=\"91757d6\" data-element_type=\"widget\" data-widget_type=\"button.default\">\n\t\t\t\t<div class=\"elementor-widget-container\">\n\t\t\t\t\t<div class=\"elementor-button-wrapper\">\n\t\t\t<a class=\"elementor-button elementor-button-link elementor-size-sm\" href=\"https:\/\/editionsdidane.com\/index.php\/shop\/\">\n\t\t\t\t\t\t<span class=\"elementor-button-content-wrapper\">\n\t\t\t\t\t\t\t\t\t<span class=\"elementor-button-text\">Catalogue<\/span>\n\t\t\t\t\t<\/span>\n\t\t\t\t\t<\/a>\n\t\t<\/div>\n\t\t\t\t<\/div>\n\t\t\t\t<\/div>\n\t\t\t\t<\/div>\n\t\t\t\t<\/div>\n\t\t<div class=\"elementor-element elementor-element-66a64b1 e-flex e-con-boxed e-con e-parent\" data-id=\"66a64b1\" data-element_type=\"container\">\n\t\t\t\t\t<div class=\"e-con-inner\">\n\t\t\t\t<div class=\"elementor-element elementor-element-7354a26 elementor-hidden-mobile elementor-widget elementor-widget-spacer\" data-id=\"7354a26\" data-element_type=\"widget\" data-widget_type=\"spacer.default\">\n\t\t\t\t<div class=\"elementor-widget-container\">\n\t\t\t<style>\/*! elementor - v3.21.0 - 26-05-2024 *\/\n.elementor-column .elementor-spacer-inner{height:var(--spacer-size)}.e-con{--container-widget-width:100%}.e-con-inner>.elementor-widget-spacer,.e-con>.elementor-widget-spacer{width:var(--container-widget-width,var(--spacer-size));--align-self:var(--container-widget-align-self,initial);--flex-shrink:0}.e-con-inner>.elementor-widget-spacer>.elementor-widget-container,.e-con>.elementor-widget-spacer>.elementor-widget-container{height:100%;width:100%}.e-con-inner>.elementor-widget-spacer>.elementor-widget-container>.elementor-spacer,.e-con>.elementor-widget-spacer>.elementor-widget-container>.elementor-spacer{height:100%}.e-con-inner>.elementor-widget-spacer>.elementor-widget-container>.elementor-spacer>.elementor-spacer-inner,.e-con>.elementor-widget-spacer>.elementor-widget-container>.elementor-spacer>.elementor-spacer-inner{height:var(--container-widget-height,var(--spacer-size))}.e-con-inner>.elementor-widget-spacer.elementor-widget-empty,.e-con>.elementor-widget-spacer.elementor-widget-empty{position:relative;min-height:22px;min-width:22px}.e-con-inner>.elementor-widget-spacer.elementor-widget-empty .elementor-widget-empty-icon,.e-con>.elementor-widget-spacer.elementor-widget-empty .elementor-widget-empty-icon{position:absolute;top:0;bottom:0;left:0;right:0;margin:auto;padding:0;width:22px;height:22px}<\/style>\t\t<div class=\"elementor-spacer\">\n\t\t\t<div class=\"elementor-spacer-inner\"><\/div>\n\t\t<\/div>\n\t\t\t\t<\/div>\n\t\t\t\t<\/div>\n\t\t\t\t\t<\/div>\n\t\t\t\t<\/div>\n\t\t<div class=\"elementor-element elementor-element-5c1610e e-flex e-con-boxed e-con e-parent\" data-id=\"5c1610e\" data-element_type=\"container\">\n\t\t\t\t\t<div class=\"e-con-inner\">\n\t\t\t\t<div class=\"elementor-element elementor-element-7d04453 elementor-widget elementor-widget-text-editor\" data-id=\"7d04453\" data-element_type=\"widget\" data-widget_type=\"text-editor.default\">\n\t\t\t\t<div class=\"elementor-widget-container\">\n\t\t\t<style>\/*! elementor - v3.21.0 - 26-05-2024 *\/\n.elementor-widget-text-editor.elementor-drop-cap-view-stacked .elementor-drop-cap{background-color:#69727d;color:#fff}.elementor-widget-text-editor.elementor-drop-cap-view-framed .elementor-drop-cap{color:#69727d;border:3px solid;background-color:transparent}.elementor-widget-text-editor:not(.elementor-drop-cap-view-default) .elementor-drop-cap{margin-top:8px}.elementor-widget-text-editor:not(.elementor-drop-cap-view-default) .elementor-drop-cap-letter{width:1em;height:1em}.elementor-widget-text-editor .elementor-drop-cap{float:left;text-align:center;line-height:1;font-size:50px}.elementor-widget-text-editor .elementor-drop-cap-letter{display:inline-block}<\/style>\t\t\t\t<p class=\"p1\">Les <span class=\"s1\"><b>\u00c9ditions Didane<\/b><\/span> sont une maison d\u2019\u00e9dition ind\u00e9pendante d\u00e9di\u00e9e aux <span class=\"s1\"><b>\u00e9crivains \u00e9mergents<\/b><\/span> et \u00e0 la <span class=\"s1\"><b>cr\u00e9ation locale<\/b><\/span>.<\/p><p class=\"p1\">Elles naissent d\u2019un d\u00e9sir simple : offrir un espace \u00e0 celles et ceux qui \u00e9crivent pour dire, ressentir, t\u00e9moigner.<\/p><p class=\"p1\">Ici, chaque texte est une rencontre.<\/p><p class=\"p1\">Nous croyons au pouvoir des mots pour relier, transmettre et faire exister les voix singuli\u00e8res.<\/p><p class=\"p1\">Notre mission est d\u2019accompagner les auteurs dans toutes les \u00e9tapes de leur parcours, de la premi\u00e8re page \u00e0 la diffusion de leur ouvrage, dans une d\u00e9marche humaine et exigeante.<\/p><p class=\"p1\">Les \u00c9ditions Didane d\u00e9fendent une litt\u00e9rature <span class=\"s1\"><b>authentique, accessible et engag\u00e9e<\/b><\/span>, ancr\u00e9e dans le r\u00e9el et ouverte sur le monde.<\/p><p class=\"p3\"><span class=\"s2\">Nous valorisons la <\/span><b>diversit\u00e9 des r\u00e9cits<\/b><span class=\"s2\">, la <\/span><b>cr\u00e9ation collective<\/b><span class=\"s2\">, et le <\/span><b>dialogue entre les cultures<\/b><span class=\"s2\">.<\/span><\/p><p class=\"p1\">Chaque publication est une trace, un \u00e9cho, une mani\u00e8re de faire vivre la parole sous toutes ses formes.<\/p>\t\t\t\t\t\t<\/div>\n\t\t\t\t<\/div>\n\t\t\t\t\t<\/div>\n\t\t\t\t<\/div>\n\t\t\t\t<\/div>\n\t\t","protected":false},"excerpt":{"rendered":"<p>Catalogue Les \u00c9ditions Didane sont une maison d\u2019\u00e9dition ind\u00e9pendante d\u00e9di\u00e9e aux \u00e9crivains \u00e9mergents et \u00e0 la cr\u00e9ation locale. Elles naissent [&hellip;]<\/p>\n","protected":false},"author":1,"featured_media":0,"parent":0,"menu_order":0,"comment_status":"closed","ping_status":"closed","template":"","meta":{"site-sidebar-layout":"no-sidebar","site-content-layout":"","ast-site-content-layout":"full-width-container","site-content-style":"default","site-sidebar-style":"default","ast-global-header-display":"","ast-banner-title-visibility":"","ast-main-header-display":"","ast-hfb-above-header-display":"","ast-hfb-below-header-display":"","ast-hfb-mobile-header-display":"","site-post-title":"disabled","ast-breadcrumbs-content":"","ast-featured-img":"disabled","footer-sml-layout":"","theme-transparent-header-meta":"","adv-header-id-meta":"","stick-header-meta":"","header-above-stick-meta":"","header-main-stick-meta":"","header-below-stick-meta":"","astra-migrate-meta-layouts":"default","ast-page-background-enabled":"default","ast-page-background-meta":{"desktop":{"background-color":"var(--ast-global-color-4)","background-image":"","background-repeat":"repeat","background-position":"center center","background-size":"auto","background-attachment":"scroll","background-type":"","background-media":"","overlay-type":"","overlay-color":"","overlay-opacity":"","overlay-gradient":""},"tablet":{"background-color":"","background-image":"","background-repeat":"repeat","background-position":"center center","background-size":"auto","background-attachment":"scroll","background-type":"","background-media":"","overlay-type":"","overlay-color":"","overlay-opacity":"","overlay-gradient":""},"mobile":{"background-color":"","background-image":"","background-repeat":"repeat","background-position":"center center","background-size":"auto","background-attachment":"scroll","background-type":"","background-media":"","overlay-type":"","overlay-color":"","overlay-opacity":"","overlay-gradient":""}},"ast-content-background-meta":{"desktop":{"background-color":"var(--ast-global-color-5)","background-image":"","background-repeat":"repeat","background-position":"center center","background-size":"auto","background-attachment":"scroll","background-type":"","background-media":"","overlay-type":"","overlay-color":"","overlay-opacity":"","overlay-gradient":""},"tablet":{"background-color":"var(--ast-global-color-5)","background-image":"","background-repeat":"repeat","background-position":"center center","background-size":"auto","background-attachment":"scroll","background-type":"","background-media":"","overlay-type":"","overlay-color":"","overlay-opacity":"","overlay-gradient":""},"mobile":{"background-color":"var(--ast-global-color-5)","background-image":"","background-repeat":"repeat","background-position":"center center","background-size":"auto","background-attachment":"scroll","background-type":"","background-media":"","overlay-type":"","overlay-color":"","overlay-opacity":"","overlay-gradient":""}},"footnotes":""},"class_list":["post-8","page","type-page","status-publish","hentry"],"_links":{"self":[{"href":"https:\/\/editionsdidane.com\/index.php\/wp-json\/wp\/v2\/pages\/8","targetHints":{"allow":["GET"]}}],"collection":[{"href":"https:\/\/editionsdidane.com\/index.php\/wp-json\/wp\/v2\/pages"}],"about":[{"href":"https:\/\/editionsdidane.com\/index.php\/wp-json\/wp\/v2\/types\/page"}],"author":[{"embeddable":true,"href":"https:\/\/editionsdidane.com\/index.php\/wp-json\/wp\/v2\/users\/1"}],"replies":[{"embeddable":true,"href":"https:\/\/editionsdidane.com\/index.php\/wp-json\/wp\/v2\/comments?post=8"}],"version-history":[{"count":101,"href":"https:\/\/editionsdidane.com\/index.php\/wp-json\/wp\/v2\/pages\/8\/revisions"}],"predecessor-version":[{"id":543,"href":"https:\/\/editionsdidane.com\/index.php\/wp-json\/wp\/v2\/pages\/8\/revisions\/543"}],"wp:attachment":[{"href":"https:\/\/editionsdidane.com\/index.php\/wp-json\/wp\/v2\/media?parent=8"}],"curies":[{"name":"wp","href":"https:\/\/api.w.org\/{rel}","templated":true}]}}